{"id":5411,"date":"2018-09-28T15:00:24","date_gmt":"2018-09-28T13:00:24","guid":{"rendered":"https:\/\/velcredo.com\/produkt\/cap-men-ultranero\/"},"modified":"2024-07-02T12:49:18","modified_gmt":"2024-07-02T10:49:18","slug":"cap-men-ultranero","status":"publish","type":"product","link":"https:\/\/velcredo.com\/en\/product\/cap-men-ultranero\/","title":{"rendered":"Cap men ULTRANERO"},"content":{"rendered":"<h2><\/h2>\n<h2 class=\"uppercase\" style=\"text-align: center;\">CAP<\/h2>\n<p style=\"text-align: center;\">Profesjonalna czapka kolarska ochroni ci\u0119 przed wiatrem i zapewniaj\u0105c wysoki komfort jazdy. Dzi\u0119ki specjalnemu \u015bci\u0105gaczowi, \u0142atwo dopasowuje si\u0119 do ka\u017cdego rodzaju, nawet w trakcie d\u0142ugich trening\u00f3w nie poczujesz dyskomfortu w trakcie jazdy.<\/p>\n<h3 class=\"western\"><strong>SPECIFICATION<\/strong><\/h3>\n<p>Wysokiej jako\u015bci materia\u0142y<br \/>\nWyprodukowano w Polsce<br \/>\nElastyczny daszek<br \/>\nUltralekka waga<br \/>\nWygodny kr\u00f3j<\/p>\n<hr \/>\n<h3 class=\"western\">FABRICS<\/h3>\n<p>100% Polyester<\/p>\n<hr \/>\n<h3 class=\"western\">U\u017bYTKOWANIE<\/h3>\n<p>Czapeczk\u0119 nale\u017cy pra\u0107 w temperaturze\u00a030\u00b0C w pralce wybieraj\u0105c tryb delikatnego prania lub r\u0119cznie.<br \/>\nNie u\u017cywa\u0107 detergent\u00f3w do prania.<br \/>\nNie suszy\u0107 suszark\u0105.<\/p>\n<p>&nbsp;<\/p>\n","protected":false},"excerpt":{"rendered":"<p>Czapeczka kolarska Velcredo to idealne dope\u0142nienie Twojego stroju na rower.<\/p>\n<p>&nbsp;<\/p>\n","protected":false},"featured_media":5412,"comment_status":"open","ping_status":"closed","template":"","meta":[],"product_cat":[130],"product_tag":[139,146],"_links":{"self":[{"href":"https:\/\/velcredo.com\/en\/wp-json\/wp\/v2\/product\/5411"}],"collection":[{"href":"https:\/\/velcredo.com\/en\/wp-json\/wp\/v2\/product"}],"about":[{"href":"https:\/\/velcredo.com\/en\/wp-json\/wp\/v2\/types\/product"}],"replies":[{"embeddable":true,"href":"https:\/\/velcredo.com\/en\/wp-json\/wp\/v2\/comments?post=5411"}],"wp:featuredmedia":[{"embeddable":true,"href":"https:\/\/velcredo.com\/en\/wp-json\/wp\/v2\/media\/5412"}],"wp:attachment":[{"href":"https:\/\/velcredo.com\/en\/wp-json\/wp\/v2\/media?parent=5411"}],"wp:term":[{"taxonomy":"product_cat","embeddable":true,"href":"https:\/\/velcredo.com\/en\/wp-json\/wp\/v2\/product_cat?post=5411"},{"taxonomy":"product_tag","embeddable":true,"href":"https:\/\/velcredo.com\/en\/wp-json\/wp\/v2\/product_tag?post=5411"}],"curies":[{"name":"wp","href":"https:\/\/api.w.org\/{rel}","templated":true}]}}