{"id":5308,"date":"2021-02-15T21:48:15","date_gmt":"2014-06-09T19:48:15","guid":{"rendered":"https:\/\/velcredo.com\/produkt\/bibshort-men-blackslim\/"},"modified":"2022-11-01T00:00:38","modified_gmt":"2022-10-31T23:00:38","slug":"bib-short-men-blackslim","status":"publish","type":"product","link":"https:\/\/velcredo.com\/en\/product\/bib-short-men-blackslim\/","title":{"rendered":"BIB SHORT MAN BLACKSLIM"},"content":{"rendered":"<h2><\/h2>\n<h2 class=\"uppercase\" style=\"text-align: center;\">SPODENKI KOLARSKIE BLACKSLIM<\/h2>\n<p style=\"text-align: center;\">Spodenki kolarskie BLACKSLIM stanowi\u0105 idealne uzupe\u0142nienie codziennego treningu. Zosta\u0142y zaprojektowane tak, aby zapewni\u0107 Ci maksymalny komfort w trakcie nawet najd\u0142u\u017cszych jazd dzi\u0119ki zminimalizowanej ilo\u015bci szw\u00f3w.<\/p>\n<p style=\"text-align: center;\">Dzi\u0119ki zastosowaniu innowacyjnego, rozci\u0105gliwego materia\u0142u przylegaj\u0105 blisko do cia\u0142a, daj\u0105c odczucie drugiej sk\u00f3ry. W dodatku s\u0105 niezwykle elastyczne, co zapewni aerodynamik\u0119 ka\u017cdego treningu.<\/p>\n<p style=\"text-align: center;\">Nogawki wyko\u0144czone elastycznym \u015bci\u0105gaczem, aby zapobiec przemieszczaniu si\u0119 spodenek.<\/p>\n<p style=\"text-align: center;\">Wk\u0142adka renomowanej firmy Dr Pad 8h gwarantuj\u0105ca uczucie komfortu nawet podczas d\u0142ugiej jazdy.<\/p>\n\n  <div class=\"banner has-hover show-for-small\" id=\"banner-2037444041\">\n          <div class=\"banner-inner fill\">\n        <div class=\"banner-bg fill\" >\n                                                \n                    <\/div>\n\t\t\n        <div class=\"banner-layers container\">\n            <div class=\"fill banner-link\"><\/div>            \n        <\/div>\n      <\/div>\n\n            \n<style>\n#banner-2037444041 {\n  padding-top: 500px;\n}\n#banner-2037444041 .banner-bg img {\n  object-position: 0% 2%;\n}\n<\/style>\n  <\/div>\n\n\n\n  <div class=\"banner has-hover show-for-small\" id=\"banner-1422096500\">\n          <div class=\"banner-inner fill\">\n        <div class=\"banner-bg fill\" >\n                                                \n                    <\/div>\n\t\t\n        <div class=\"banner-layers container\">\n            <div class=\"fill banner-link\"><\/div>            \n   <div id=\"text-box-197214847\" class=\"text-box banner-layer x50 md-x50 lg-x50 y50 md-y50 lg-y50 res-text\">\n                                <div class=\"text-box-content text dark\">\n              \n              <div class=\"text-inner text-center\">\n                  \n<h3 class=\"western\" style=\"text-align: center;\"><span style=\"color: #282828;\">SPECYFIKACJA<\/span><\/h3>\n<p style=\"text-align: center;\"><span style=\"color: #282828; font-size: 130%;\">Wysokiej jako\u015bci w\u0142oskie materia\u0142y<\/span><br \/>\n<span style=\"color: #282828; font-size: 130%;\">Zminimalizowana ilo\u015b\u0107 szw\u00f3w<\/span><br \/>\n<span style=\"color: #282828; font-size: 130%;\">Dopasowany kr\u00f3j<\/span><br \/>\n<span style=\"color: #282828; font-size: 130%;\">Zako\u0144czone 5cm grippem<\/span><br \/>\n<span style=\"color: #282828; font-size: 130%;\">Wygodne szelki<\/span><br \/>\n<span style=\"color: #282828; font-size: 130%;\">P\u0142askie szwy<\/span><br \/>\n<span style=\"color: #282828; font-size: 130%;\">Wysokiej jako\u015bci wk\u0142adka Dr Pad<\/span><br \/>\n<span style=\"color: #282828; font-size: 130%;\">Ultralekkie spodenki, waga: 182gr (rozmiar M)<\/span><\/p>\n<hr \/>\n<h3 class=\"western\" style=\"text-align: center;\"><span style=\"color: #282828;\">MATERIA\u0141Y<\/span><\/h3>\n<p style=\"text-align: center;\"><span style=\"color: #282828; font-size: 130%;\">78% Nylon \/ 22% Elastan<br \/>\nCzterokierunkowa rozci\u0105gliwo\u015b\u0107<\/span><\/p>\n<hr \/>\n<h3 class=\"western\" style=\"text-align: center;\"><span style=\"color: #282828;\">U\u017bYTKOWANIE<\/span><\/h3>\n<div class=\"product-schema-row\">\n<p style=\"text-align: center;\"><span style=\"color: #282828; font-size: 130%;\">Spodenki nale\u017cy pra\u0107 w temperaturze 30\u00b0C w pralce wybieraj\u0105c tryb delikatnego prania lub r\u0119cznie.<\/span><br \/>\n<span style=\"color: #282828; font-size: 130%;\">Nale\u017cy zwr\u00f3ci\u0107 uwag\u0119 aby nie pra\u0107 koszulki z bia\u0142ymi rzeczami.<\/span><br \/>\n<span style=\"color: #282828; font-size: 130%;\">Nie u\u017cywa\u0107 detergent\u00f3w do prania.<\/span><br \/>\n<span style=\"color: #282828; font-size: 130%;\">Nie suszy\u0107 suszark\u0105.<\/span><br \/>\n<span style=\"color: #282828; font-size: 130%;\">Czterokierunkowa rozci\u0105gliwo\u015b\u0107<\/span><\/p>\n<\/div>\n              <\/div>\n           <\/div>\n                            \n<style>\n#text-box-197214847 {\n  width: 100%;\n}\n#text-box-197214847 .text-box-content {\n  font-size: 100%;\n}\n@media (min-width:550px) {\n  #text-box-197214847 {\n    width: 60%;\n  }\n}\n<\/style>\n    <\/div>\n \n        <\/div>\n      <\/div>\n\n            \n<style>\n#banner-1422096500 {\n  padding-top: 600px;\n  background-color: rgb(255,255,255);\n}\n@media (min-width:550px) {\n  #banner-1422096500 {\n    padding-top: 500px;\n  }\n}\n<\/style>\n  <\/div>\n\n\n\n  <div class=\"banner has-hover hide-for-small\" id=\"banner-417632641\">\n          <div class=\"banner-inner fill\">\n        <div class=\"banner-bg fill\" >\n            <img width=\"1707\" height=\"2560\" src=\"https:\/\/velcredo.com\/wp-content\/uploads\/IMG_2631-scaled.jpg\" class=\"bg attachment-original size-original\" alt=\"Spodenki kolarskie m\u0119skie Velcredo\" decoding=\"async\" \/>                        <div class=\"overlay\"><\/div>            \n                    <\/div>\n\t\t\n        <div class=\"banner-layers container\">\n            <div class=\"fill banner-link\"><\/div>            \n   <div id=\"text-box-1622045554\" class=\"text-box banner-layer x50 md-x95 lg-x95 y50 md-y50 lg-y50 res-text\">\n                                <div class=\"text-box-content text box-shadow-3\">\n              \n              <div class=\"text-inner text-left\">\n                  \n<h3 class=\"western\" style=\"text-align: center;\">SPECYFIKACJA<\/h3>\n<p style=\"text-align: center;\"><span style=\"color: #282828;\">Wysokiej jako\u015bci w\u0142oskie materia\u0142y<\/span><br \/>\n<span style=\"color: #282828;\">Zminimalizowana ilo\u015b\u0107 szw\u00f3w<\/span><br \/>\n<span style=\"color: #282828;\">Dopasowany kr\u00f3j<\/span><br \/>\n<span style=\"color: #282828;\">Zako\u0144czone 5cm grippem<\/span><br \/>\n<span style=\"color: #282828;\">Wygodne szelki<\/span><br \/>\n<span style=\"color: #282828;\">P\u0142askie szwy<\/span><br \/>\n<span style=\"color: #282828;\">Wysokiej jako\u015bci wk\u0142adka Dr Pad<\/span><br \/>\n<span style=\"color: #282828;\">Ultralekkie spodenki, waga: 182gr (rozmiar M)<\/span><\/p>\n<hr \/>\n<h3 class=\"western\" style=\"text-align: center;\">MATERIA\u0141Y<\/h3>\n<p style=\"text-align: center;\"><span style=\"color: #000000;\">78% Nylon \/ 22% Elastan<br \/>\nCzterokierunkowa rozci\u0105gliwo\u015b\u0107<\/span><\/p>\n<hr \/>\n<h3 class=\"western\" style=\"text-align: center;\">U\u017bYTKOWANIE<\/h3>\n<div class=\"product-schema-row\">\n<p style=\"text-align: center;\"><span style=\"color: #282828;\">Spodenki nale\u017cy pra\u0107 w temperaturze 30\u00b0C w pralce wybieraj\u0105c tryb delikatnego prania lub r\u0119cznie.<\/span><br \/>\n<span style=\"color: #282828;\">Nale\u017cy zwr\u00f3ci\u0107 uwag\u0119 aby nie pra\u0107 koszulki z bia\u0142ymi rzeczami.<\/span><br \/>\n<span style=\"color: #282828;\">Nie u\u017cywa\u0107 detergent\u00f3w do prania.<\/span><br \/>\n<span style=\"color: #282828;\">Nie suszy\u0107 suszark\u0105.<\/span><br \/>\n<span style=\"color: #282828;\">Czterokierunkowa rozci\u0105gliwo\u015b\u0107<\/span><\/p>\n<\/div>\n              <\/div>\n           <\/div>\n                            \n<style>\n#text-box-1622045554 .text-box-content {\n  background-color: rgb(255, 255, 255);\n  font-size: 100%;\n}\n#text-box-1622045554 .text-inner {\n  padding: 30px 30px 30px 30px;\n}\n#text-box-1622045554 {\n  width: 93%;\n}\n@media (min-width:550px) {\n  #text-box-1622045554 {\n    width: 46%;\n  }\n}\n@media (min-width:850px) {\n  #text-box-1622045554 {\n    width: 44%;\n  }\n}\n<\/style>\n    <\/div>\n \n        <\/div>\n      <\/div>\n\n            \n<style>\n#banner-417632641 {\n  padding-top: 700px;\n  background-color: rgb(255, 255, 255);\n}\n#banner-417632641 .overlay {\n  background-color: rgba(190, 190, 190, 0);\n}\n#banner-417632641 .banner-bg img {\n  object-position: 73% 27%;\n}\n@media (min-width:550px) {\n  #banner-417632641 {\n    padding-top: 800px;\n  }\n}\n@media (min-width:850px) {\n  #banner-417632641 {\n    padding-top: 900px;\n  }\n  #banner-417632641 .overlay {\n    background-color: rgba(190, 190, 190, 0);\n  }\n}\n<\/style>\n  <\/div>\n\n\n<div class=\"is-divider divider clearfix\" style=\"height:0px;\"><\/div>\n\n  <div class=\"banner has-hover\" id=\"banner-84993559\">\n          <div class=\"banner-inner fill\">\n        <div class=\"banner-bg fill\" >\n            <img width=\"768\" height=\"768\" src=\"https:\/\/velcredo.com\/wp-content\/uploads\/74-rosso-forato.jpg\" class=\"bg attachment-large size-large\" alt=\"wk\u0142adka kolarska damska dr pad Long Distance Velcredo\" decoding=\"async\" \/>                        <div class=\"overlay\"><\/div>            \n                    <\/div>\n\t\t\n        <div class=\"banner-layers container\">\n            <div class=\"fill banner-link\"><\/div>            \n   <div id=\"text-box-183292722\" class=\"text-box banner-layer x50 md-x5 lg-x95 y50 md-y5 lg-y5 res-text\">\n                                <div class=\"text-box-content text box-shadow-3\">\n              \n              <div class=\"text-inner text-center\">\n                  \n<h3 class=\"uppercase\" style=\"text-align: center;\"><span style=\"color: #282828;\">ZaAwansowana WK\u0142adka<\/span><\/h3>\n<p style=\"text-align: center;\"><span style=\"color: #282828;\">Sercem spodenek jest zastosowana innowacyjna wk\u0142adka od renomowanego producenta DR PAD 8h. Dzi\u0119ki specjalnym panelom \u017celowym i odpowiedniemu krojowi, uk\u0142ada si\u0119 idealnie w trakcie jazdy. <\/span><\/p>\n<p style=\"text-align: center;\"><span style=\"color: #282828;\">Jest przystosowana nawet do ponad 8 h jazd, zachowuje swoj\u0105 swoje w\u0142a\u015bciwo\u015bci nawet w najbardziej ekstremalnych warunkach.<\/span><\/p>\n              <\/div>\n           <\/div>\n                            \n<style>\n#text-box-183292722 .text-box-content {\n  background-color: rgba(255, 255, 255, 0.86);\n  font-size: 100%;\n}\n#text-box-183292722 .text-inner {\n  padding: 30px 30px 30px 30px;\n}\n#text-box-183292722 {\n  width: 83%;\n}\n@media (min-width:550px) {\n  #text-box-183292722 {\n    width: 45%;\n  }\n}\n@media (min-width:850px) {\n  #text-box-183292722 {\n    width: 57%;\n  }\n}\n<\/style>\n    <\/div>\n \n        <\/div>\n      <\/div>\n\n            \n<style>\n#banner-84993559 {\n  padding-top: 300px;\n}\n#banner-84993559 .overlay {\n  background-color: rgba(0, 0, 0, 0.08);\n}\n@media (min-width:550px) {\n  #banner-84993559 {\n    padding-top: 400px;\n  }\n}\n@media (min-width:850px) {\n  #banner-84993559 {\n    padding-top: 500px;\n  }\n}\n<\/style>\n  <\/div>\n\n\n<div class=\"is-divider divider clearfix\" style=\"max-width:0px;height:0px;\"><\/div>\n\n  <div class=\"banner has-hover\" id=\"banner-1955402848\">\n          <div class=\"banner-inner fill\">\n        <div class=\"banner-bg fill\" >\n            <img width=\"631\" height=\"800\" src=\"https:\/\/velcredo.com\/wp-content\/uploads\/Velcredo-stroje-kolarskie-spodenki-rowerowe-scaled-e1617970467786-631x800.jpg\" class=\"bg attachment-large size-large\" alt=\"Velcredo stroje kolarskie spodenki rowerowe\" decoding=\"async\" \/>                        <div class=\"overlay\"><\/div>            \n                    <\/div>\n\t\t\n        <div class=\"banner-layers container\">\n            <div class=\"fill banner-link\"><\/div>            \n   <div id=\"text-box-1573276206\" class=\"text-box banner-layer x50 md-x95 lg-x5 y50 md-y90 lg-y15 res-text\">\n                                <div class=\"text-box-content text box-shadow-3\">\n              \n              <div class=\"text-inner text-left\">\n                  \n<h3 style=\"text-align: center;\"><span style=\"color: #282828;\">TA\u015aMA SILIKONOWA<\/span><\/h3>\n<p style=\"text-align: center;\"><span style=\"color: #282828;\">Na ko\u0144cach spodenek u\u017cyli\u015bmy szerokich ta\u015bm silikonowych aby w trakcie jazdy spodenki\u00a0 nie zsuwa\u0142y si\u0119 i by\u0142y zawsze na odpowiednim miejscu.<\/span><\/p>\n              <\/div>\n           <\/div>\n                            \n<style>\n#text-box-1573276206 .text-box-content {\n  background-color: rgb(255, 255, 255);\n  font-size: 100%;\n}\n#text-box-1573276206 .text-inner {\n  padding: 30px 30px 30px 30px;\n}\n#text-box-1573276206 {\n  width: 82%;\n}\n@media (min-width:550px) {\n  #text-box-1573276206 {\n    width: 45%;\n  }\n}\n@media (min-width:850px) {\n  #text-box-1573276206 {\n    width: 54%;\n  }\n}\n<\/style>\n    <\/div>\n \n        <\/div>\n      <\/div>\n\n            \n<style>\n#banner-1955402848 {\n  padding-top: 300px;\n  background-color: rgb(255, 255, 255);\n}\n#banner-1955402848 .overlay {\n  background-color: rgba(190, 190, 190, 0.03);\n}\n#banner-1955402848 .banner-bg img {\n  object-position: 52% 90%;\n}\n@media (min-width:550px) {\n  #banner-1955402848 {\n    padding-top: 400px;\n  }\n}\n@media (min-width:850px) {\n  #banner-1955402848 {\n    padding-top: 500px;\n  }\n}\n<\/style>\n  <\/div>\n\n\n","protected":false},"excerpt":{"rendered":"<p>Men&#8217;s bib short with braces are a perfect complement to everyday training.<\/p>\n","protected":false},"featured_media":20427,"comment_status":"open","ping_status":"closed","template":"","meta":[],"product_cat":[130],"product_tag":[145,146],"_links":{"self":[{"href":"https:\/\/velcredo.com\/en\/wp-json\/wp\/v2\/product\/5308"}],"collection":[{"href":"https:\/\/velcredo.com\/en\/wp-json\/wp\/v2\/product"}],"about":[{"href":"https:\/\/velcredo.com\/en\/wp-json\/wp\/v2\/types\/product"}],"replies":[{"embeddable":true,"href":"https:\/\/velcredo.com\/en\/wp-json\/wp\/v2\/comments?post=5308"}],"wp:featuredmedia":[{"embeddable":true,"href":"https:\/\/velcredo.com\/en\/wp-json\/wp\/v2\/media\/20427"}],"wp:attachment":[{"href":"https:\/\/velcredo.com\/en\/wp-json\/wp\/v2\/media?parent=5308"}],"wp:term":[{"taxonomy":"product_cat","embeddable":true,"href":"https:\/\/velcredo.com\/en\/wp-json\/wp\/v2\/product_cat?post=5308"},{"taxonomy":"product_tag","embeddable":true,"href":"https:\/\/velcredo.com\/en\/wp-json\/wp\/v2\/product_tag?post=5308"}],"curies":[{"name":"wp","href":"https:\/\/api.w.org\/{rel}","templated":true}]}}